{"id":3655,"date":"2020-09-30T09:43:07","date_gmt":"2020-09-30T08:43:07","guid":{"rendered":"http:\/\/www.emsexpo.eu\/?page_id=3655"},"modified":"2020-09-30T09:43:07","modified_gmt":"2020-09-30T08:43:07","slug":"pogoji-zasebnosti","status":"publish","type":"page","link":"https:\/\/www.emsexpo.eu\/en\/pogoji-zasebnosti\/","title":{"rendered":"Privacy Policy"},"content":{"rendered":"<h4><strong>Izklju\u010ditev odgovornosti<\/strong><\/h4>\n\n\n\n<p>Spletne strani so postavljene in vzdr\u017eevane z najve\u010djo mo\u017eno mero skrbnosti. Kljub temu podjetje ne more jam\u010diti za a\u017eurnost, to\u010dnost ali pravilnost vseh informacij na straneh. Vse informacije na spletnih straneh se lahko spremenijo brez predhodnega obvestila.<br><br>Prav tako podjetje ne sprejema odgovornosti za kakr\u0161nokoli \u0161kodo, ki bi neposredno ali posredno nastala zaradi uporabe, nepravilnega delovanja in\/ali nedostopnosti teh spletnih strani.<br><br>V primeru sklicevanja ali povezovanja teh spletnih strani z drugimi, ki so v lasti ali upravljanju tretjih oseb, podjetje ne prevzema odgovornosti za vsebino ali pravilnost delovanja teh spletnih strani.<\/p>\n\n\n\n<h4><strong>Avtorske pravice<\/strong><\/h4>\n\n\n\n<p>\u00a9 Copyright 2020 Vsa besedila, slike, grafike, animacije in drugi dokumenti, ki jih vsebujejo spletne strani, so v zakonsko dovoljenem okviru predmet avtorske za\u0161\u010dite ali druge oblike za\u0161\u010dite intelektualne lastnine.<\/p>\n\n\n\n<p>Vsebino spletnih strani ni dovoljeno kopirati, razpe\u010devati, spreminjati ali na kakr\u0161enkoli drug na\u010din reproducirati, razen v primeru pisnega soglasja podjetja , ki aktivno uveljavlja svoje pravice do intelektualne lastnine v najve\u010dji mo\u017eni meri, ki jo dovoljuje zakon.<\/p>\n\n\n\n<hr class=\"wp-block-separator\"\/>\n\n\n\n<h2 id=\"politika\">Politika o varstvu osebnih podatkov<\/h2>\n\n\n\n<h4><strong>Hramba podatkov<\/strong><\/h4>\n\n\n\n<p>Osebne podatke podjetje hrani, v obliki, ki dopu\u0161\u010da identifikacijo posameznikov, na katere se nana\u0161ajo osebni podatki, le toliko \u010dasa, kolikor je potrebno za namene, za katere se osebni podatki obdelujejo, razen \u010de je z zakonom dolo\u010den drug rok hrambe.<\/p>\n\n\n\n<p>Podjetje hrani podatke stranke, ki so potrebni za izvedbo storitve \u0161e 5 let od izpolnitve pogodbe na pogodbeni podlagi. Podjetje osebne podatke strank hrani po poteku tega obdobja \u0161e 5 let (skupaj torej 10) v arhivu na podlagi upravi\u010denih zakonitih interesov upravljavca, ki so: kvalitetnej\u0161e zagotavljanje storitev, la\u017eje in hitrej\u0161e odpravljanje napak, u\u010dinkovitej\u0161e svetovanje strankam, omogo\u010danje uveljavljanja pravic strankam, predvsem na podro\u010dju garancije in jam\u010devalnih zahtevkov.<\/p>\n\n\n\n<p>Podjetje navedene osebne podatke uporabi izklju\u010dno in skladno z namenom, ki ga je opredelil posameznik. Podjetje se zavezuje, da osebni podatki ne bodo dostopni nepoobla\u0161\u010denim osebam.<\/p>\n\n\n\n<h4><strong>Pravice na podro\u010dju varstva osebnih podatkov<\/strong><\/h4>\n\n\n\n<p>Podjetje skladno s Splo\u0161no uredbo o varstvu osebnih podatkov in zakonom, ki ureja varstvo osebnih podatkov, posamezniku zagotavlja naslednje pravice:<\/p>\n\n\n\n<ul><li>&nbsp;pravico od podjetja zahtevati informacije, kateri podatki se obdelujejo v zvezi z njim;<\/li><li>&nbsp;pravico od podjetja pridobiti potrdilo o tem, ali so v obdelavi njegovi osebni podatki;<\/li><li>&nbsp;pravico, da podjetje brez nepotrebnega odla\u0161anja popravi neto\u010dne osebne podatke v zvezi z njim;<\/li><li>pravico, da podjetje brez nepotrebnega odla\u0161anja izbri\u0161e osebne podatke v zvezi z njim;<\/li><li>pravico, da podjetje omeji obdelavo osebnih podatkov;<\/li><li>pravico, da prejme osebne podatke v zvezi z njim, ki jih je posredoval podjetju, v strukturirani, splo\u0161no uporabljani in strojno berljivi obliki, in pravico, da te podatke posreduje drugemu upravljavcu ali od podjetja zahteva da posreduje te podatke neposredno.<\/li><li>pravico, da kadarkoli ugovarja obdelavi osebnih podatkov v zvezi z njim.<\/li><\/ul>\n\n\n\n<h4><strong>Uveljavljanje navedenih pravic in pravna sredstva<\/strong><\/h4>\n\n\n\n<p>Posameznik navedene pravice uveljavlja brezpla\u010dno. Podjetje lahko zaradi potrditve identitete posameznika zahteva njegove podatke. Upravljavec mora o zahtevi posameznika odlo\u010diti brez nepotrebnega odla\u0161anja, najkasneje v enem mesecu po prejemu zahteve. Ta rok se lahko po potrebi podalj\u0161a za najve\u010d dva dodatna meseca ob upo\u0161tevanju zapletenosti in \u0161tevila zahtev. O podalj\u0161anju je potrebno obvestiti posameznika, posameznik pa se lahko zoper podalj\u0161anje prito\u017ei. Pri o\u010ditno neutemeljenih ali pretiranih zahtevah posameznika, na katerega se podatki nana\u0161ajo, zlasti \u010de se zahteve pogosto ponavljajo, lahko podjetje s posebno obrazlo\u017eitvijo odkloni ukrepanje na podlagi zahtevka.<\/p>\n\n\n\n<p>\u010ce posameznik po prejeti odlo\u010ditvi upravljavca meni, da osebni podatki, ki jih je prejel, niso osebni podatki, ki jih je zahteval, ali da ni prejel vseh zahtevanih osebnih podatkov, lahko pred vlo\u017eitvijo prito\u017ebe pri upravljavcu vlo\u017ei obrazlo\u017een ugovor v roku 15 dni. Upravljavec mora o ugovoru odlo\u010diti kot o novi zahtevi v 5 delovnih dneh. \u010ce upravljavec ne odlo\u010di o zahtevi posameznika v roku, lahko posameznik pri Informacijskem poobla\u0161\u010dencu vlo\u017ei prito\u017ebo zaradi molka.<\/p>\n\n\n\n<p>V postopku prito\u017ebe zoper odlo\u010ditev upravljavca po tem delu zakona odlo\u010da Informacijski poobla\u0161\u010denec po pravilih splo\u0161nega upravnega postopka. Informacijski poobla\u0161\u010denec v primerih, ki jih ni mo\u017eno re\u0161iti druga\u010de, o prito\u017ebi odlo\u010di z odlo\u010dbo. Zoper odlo\u010dbo ni dovoljena prito\u017eba, je pa dopusten upravni spor.<\/p>\n\n\n\n<h4><strong>Pogodbena obdelava osebnih podatkov<\/strong><\/h4>\n\n\n\n<p>Podjetje lahko posamezna opravila v zvezi z obdelavo osebnih podatkov s pogodbo zaupa obdelovalcu. Pogodba mora biti pisna ali v enakovredni elektronski obliki in&nbsp; skladna z zahtevami Splo\u0161ne uredbe o varstvu osebnih podatkov, dolo\u010dbami zakona, ki ureja varstvo osebnih podatkov ter drugimi predpisi, ki urejajo varstvo osebnih podatkov.<\/p>\n\n\n\n<hr class=\"wp-block-separator\"\/>\n\n\n\n<h2 id=\"piskotki\">Pi\u0161kotki<\/h2>\n\n\n\n<p><br>Ponudnik\u00a0na spletnem mestu www.emsexpo.eu uporablja spletne pi\u0161kotke (v nadaljevanju: pi\u0161kotki). Pi\u0161kotki so tekstovne datoteke, ki se ob obisku spletnega mesta shranijo na uporabnikovo napravo, s katero je uporabnik dostopal do spletnega mesta. Ob ponovnem obisku spletnega mesta lahko ponudnik dostopa do podatkov na uporabnikovi napravi, ki so se zbrali s pomo\u010djo pi\u0161kotkov.<br><br>Ponudnik s pomo\u010djo pi\u0161kotkov zagotavlja bolj\u0161e in uporabniku bolj prijazno in prilagojeno delovanje in prikazovanje spletnega mesta, obenem pa mu pi\u0161kotki pomagajo pri analizi uporabnikov in pri bele\u017eenju obiska (statisti\u010dni nameni) ter za bolj u\u010dinkovito ogla\u0161evanje.<br><br>Pi\u0161kotki oziroma podatki, zbrani z njihovo pomo\u010djo, sami po sebi ne omogo\u010dajo identifikacije uporabnika v smislu zakonodaje o varstvu osebnih podatkov in z njimi ni mogo\u010de ugotoviti, za katero konkretno osebo gre. Dovoljenja za namestitev pi\u0161kotkov lahko uporabnik kadarkoli nastavi tudi v svojem spletnem brskalniku, ki ga uporablja za dostop do spletnega mesta www.emsexpo.eu.<br><br>Ponudnik na spletnem mestu www.emsexpo.eu uporablja lastne pi\u0161kotke, obenem pa omogo\u010da nekaterim tretjim osebam, da na uporabnikovo opremo namestijo svoje pi\u0161kotke (t. i. pi\u0161kotki tretjih).<br><br>Podatki o posameznih pi\u0161kotkih, o upravljavcih podatkov, ki se pridobijo s temi pi\u0161kotki, namenih obdelave zbranih podatkov in o trajanju pi\u0161kotkov so navedeni v spodnji tabeli:<\/p>\n\n\n\n<figure class=\"wp-block-table\"><table><tbody><tr><td><strong>Upravljavec podatkov<\/strong><\/td><td><strong>Ime pi\u0161kotka \/ trajanje<\/strong><\/td><td><strong>Namen obdelave zbranih podatkov<\/strong><\/td><\/tr><tr><td><a rel=\"noreferrer noopener\" href=\"https:\/\/www.google.com\/about\/company\/\" target=\"_blank\">Google Inc.<\/a><\/td><td>_gat_UA-1627672-4 \/ 1 minuta<\/td><td>Spletna analitika in statistika. Ve\u010d o posameznih pi\u0161kotkih in njihovem delovanju ter o namenu uporabe zbranih podatkov lahko preberete&nbsp;<a rel=\"noreferrer noopener\" href=\"https:\/\/developers.google.com\/analytics\/devguides\/collection\/analyticsjs\/cookie-usage\" target=\"_blank\">tukaj<\/a>&nbsp;(v angle\u0161\u010dini).<\/td><\/tr><tr><td><a rel=\"noreferrer noopener\" href=\"https:\/\/www.google.com\/about\/company\/\" target=\"_blank\">Google Inc.<\/a><\/td><td>_gid \/ 24 ur<\/td><td>Spletna analitika in statistika. Ve\u010d o posameznih pi\u0161kotkih in njihovem delovanju ter o namenu uporabe zbranih podatkov lahko preberete&nbsp;<a rel=\"noreferrer noopener\" href=\"https:\/\/developers.google.com\/analytics\/devguides\/collection\/analyticsjs\/cookie-usage\" target=\"_blank\">tukaj<\/a>&nbsp;(v angle\u0161\u010dini).<\/td><\/tr><tr><td><a rel=\"noreferrer noopener\" href=\"https:\/\/www.google.com\/about\/company\/\" target=\"_blank\">Google Inc.<\/a><\/td><td>_ga \/ 2 leti<\/td><td>Spletna analitika in statistika. Ve\u010d o posameznih pi\u0161kotkih in njihovem delovanju ter o namenu uporabe zbranih podatkov lahko preberete&nbsp;<a rel=\"noreferrer noopener\" href=\"https:\/\/developers.google.com\/analytics\/devguides\/collection\/analyticsjs\/cookie-usage\" target=\"_blank\">tukaj<\/a>&nbsp;(v angle\u0161\u010dini).<\/td><\/tr><\/tbody><\/table><\/figure>\n\n\n\n<p><br>Uporabnik lahko dovoljenja za namestitev pi\u0161kotkov nastavi in kadarkoli spremeni, prilagodi ali prekli\u010de tudi v brskalniku, s katerim dostopa do spletnega mesta.<br><br>V primeru \u010de zavrnete pi\u0161kotke, bomo na va\u0161o napravo namestili pi\u0161kotek z namenom, da si to odlo\u010ditev zapomnimo.<\/p>\n\n\n\n<p><strong>Upravljavec podatkov<\/strong><\/p>\n\n\n\n<p>EMS Sejmi d.o.o.<\/p>\n\n\n\n<p>Grad 75<\/p>\n\n\n\n<p>4207 Cerklje na Gorenjskem<\/p>\n\n\n\n<p><strong>CONTACT DETAILS<\/strong><\/p>\n\n\n\n<p>Tel: +386 4 252 54 39<\/p>\n\n\n\n<p>E-mail:\u00a0<a rel=\"noreferrer noopener\" href=\"mailto:info@netfork-akademija.si\" target=\"_blank\">ems@emsexpo.eu<\/a><\/p>","protected":false},"excerpt":{"rendered":"<p>Izklju\u010ditev odgovornosti Spletne strani so postavljene in vzdr\u017eevane z najve\u010djo mo\u017eno mero skrbnosti. Kljub temu podjetje ne more jam\u010diti za a\u017eurnost, to\u010dnost ali pravilnost vseh informacij na straneh. Vse informacije na spletnih straneh se lahko spremenijo brez predhodnega obvestila. Prav tako podjetje ne sprejema odgovornosti za kakr\u0161nokoli \u0161kodo, ki bi neposredno ali posredno nastala zaradi [&hellip;]<\/p>\n","protected":false},"author":1,"featured_media":0,"parent":0,"menu_order":0,"comment_status":"closed","ping_status":"closed","template":"","meta":{"_monsterinsights_skip_tracking":false,"_monsterinsights_sitenote_active":false,"_monsterinsights_sitenote_note":"","_monsterinsights_sitenote_category":0},"yoast_head":"<!-- This site is optimized with the Yoast SEO plugin v15.5 - https:\/\/yoast.com\/wordpress\/plugins\/seo\/ -->\n<title>Pogoji zasebnosti &raquo; EMS Sejmi<\/title>\n<meta name=\"robots\" content=\"index, follow, max-snippet:-1, max-image-preview:large, max-video-preview:-1\" \/>\n<link rel=\"canonical\" href=\"https:\/\/www.emsexpo.eu\/en\/pogoji-zasebnosti\/\" \/>\n<meta property=\"og:locale\" content=\"en_GB\" \/>\n<meta property=\"og:type\" content=\"article\" \/>\n<meta property=\"og:title\" content=\"Pogoji zasebnosti &raquo; EMS Sejmi\" \/>\n<meta property=\"og:description\" content=\"Izklju\u010ditev odgovornosti Spletne strani so postavljene in vzdr\u017eevane z najve\u010djo mo\u017eno mero skrbnosti. Kljub temu podjetje ne more jam\u010diti za a\u017eurnost, to\u010dnost ali pravilnost vseh informacij na straneh. Vse informacije na spletnih straneh se lahko spremenijo brez predhodnega obvestila. Prav tako podjetje ne sprejema odgovornosti za kakr\u0161nokoli \u0161kodo, ki bi neposredno ali posredno nastala zaradi [&hellip;]\" \/>\n<meta property=\"og:url\" content=\"https:\/\/www.emsexpo.eu\/en\/pogoji-zasebnosti\/\" \/>\n<meta property=\"og:site_name\" content=\"EMS Sejmi\" \/>\n<meta property=\"og:image\" content=\"https:\/\/www.emsexpo.eu\/wp-content\/uploads\/2020\/09\/M-Sora-Dunaj.jpg\" \/>\n\t<meta property=\"og:image:width\" content=\"1000\" \/>\n\t<meta property=\"og:image:height\" content=\"706\" \/>\n<meta name=\"twitter:card\" content=\"summary_large_image\" \/>\n<meta name=\"twitter:label1\" content=\"Estimated reading time\">\n\t<meta name=\"twitter:data1\" content=\"5 minutes\">\n<script type=\"application\/ld+json\" class=\"yoast-schema-graph\">{\"@context\":\"https:\/\/schema.org\",\"@graph\":[{\"@type\":\"Organization\",\"@id\":\"https:\/\/www.emsexpo.eu\/#organization\",\"name\":\"EMS Sejmi d.o.o. - sejemski in\\u017eeniring, sejemske postavitve in projektiranje\",\"url\":\"https:\/\/www.emsexpo.eu\/\",\"sameAs\":[\"https:\/\/www.linkedin.com\/company\/ems-sejmi-d-o-o\/\"],\"logo\":{\"@type\":\"ImageObject\",\"@id\":\"https:\/\/www.emsexpo.eu\/#logo\",\"inLanguage\":\"en-GB\",\"url\":\"https:\/\/www.emsexpo.eu\/wp-content\/uploads\/2019\/08\/LOGO-EMS-moder2.png\",\"width\":1916,\"height\":639,\"caption\":\"EMS Sejmi d.o.o. - sejemski in\\u017eeniring, sejemske postavitve in projektiranje\"},\"image\":{\"@id\":\"https:\/\/www.emsexpo.eu\/#logo\"}},{\"@type\":\"WebSite\",\"@id\":\"https:\/\/www.emsexpo.eu\/#website\",\"url\":\"https:\/\/www.emsexpo.eu\/\",\"name\":\"EMS Sejmi d.o.o.\",\"description\":\"Projektiranje in sejemski in\\u017eeniring\",\"publisher\":{\"@id\":\"https:\/\/www.emsexpo.eu\/#organization\"},\"potentialAction\":[{\"@type\":\"SearchAction\",\"target\":\"https:\/\/www.emsexpo.eu\/?s={search_term_string}\",\"query-input\":\"required name=search_term_string\"}],\"inLanguage\":\"en-GB\"},{\"@type\":\"WebPage\",\"@id\":\"https:\/\/www.emsexpo.eu\/pogoji-zasebnosti\/#webpage\",\"url\":\"https:\/\/www.emsexpo.eu\/pogoji-zasebnosti\/\",\"name\":\"Pogoji zasebnosti &raquo; EMS Sejmi\",\"isPartOf\":{\"@id\":\"https:\/\/www.emsexpo.eu\/#website\"},\"datePublished\":\"2020-09-30T08:43:07+00:00\",\"dateModified\":\"2020-09-30T08:43:07+00:00\",\"inLanguage\":\"en-GB\",\"potentialAction\":[{\"@type\":\"ReadAction\",\"target\":[\"https:\/\/www.emsexpo.eu\/pogoji-zasebnosti\/\"]}]}]}<\/script>\n<!-- \/ Yoast SEO plugin. -->","_links":{"self":[{"href":"https:\/\/www.emsexpo.eu\/en\/wp-json\/wp\/v2\/pages\/3655"}],"collection":[{"href":"https:\/\/www.emsexpo.eu\/en\/wp-json\/wp\/v2\/pages"}],"about":[{"href":"https:\/\/www.emsexpo.eu\/en\/wp-json\/wp\/v2\/types\/page"}],"author":[{"embeddable":true,"href":"https:\/\/www.emsexpo.eu\/en\/wp-json\/wp\/v2\/users\/1"}],"replies":[{"embeddable":true,"href":"https:\/\/www.emsexpo.eu\/en\/wp-json\/wp\/v2\/comments?post=3655"}],"version-history":[{"count":1,"href":"https:\/\/www.emsexpo.eu\/en\/wp-json\/wp\/v2\/pages\/3655\/revisions"}],"predecessor-version":[{"id":3656,"href":"https:\/\/www.emsexpo.eu\/en\/wp-json\/wp\/v2\/pages\/3655\/revisions\/3656"}],"wp:attachment":[{"href":"https:\/\/www.emsexpo.eu\/en\/wp-json\/wp\/v2\/media?parent=3655"}],"curies":[{"name":"wp","href":"https:\/\/api.w.org\/{rel}","templated":true}]}}