{"id":3520,"date":"2020-09-25T08:36:57","date_gmt":"2020-09-25T07:36:57","guid":{"rendered":"http:\/\/www.emsexpo.eu\/?page_id=3520"},"modified":"2020-09-28T18:42:07","modified_gmt":"2020-09-28T17:42:07","slug":"pridobi-ponudbo","status":"publish","type":"page","link":"https:\/\/www.emsexpo.eu\/en\/pridobi-ponudbo\/","title":{"rendered":"REQUEST A QUOTE"},"content":{"rendered":"<div data-elementor-type=\"wp-page\" data-elementor-id=\"3520\" class=\"elementor elementor-3520\" data-elementor-settings=\"[]\">\n\t\t\t\t\t\t<div class=\"elementor-inner\">\n\t\t\t\t\t\t\t<div class=\"elementor-section-wrap\">\n\t\t\t\t\t\t\t<section class=\"elementor-section elementor-top-section elementor-element elementor-element-460cfb6d elementor-section-boxed elementor-section-height-default elementor-section-height-default\" data-id=\"460cfb6d\" data-element_type=\"section\" data-settings=\"{&quot;background_background&quot;:&quot;classic&quot;}\">\n\t\t\t\t\t\t<div class=\"elementor-container elementor-column-gap-default\">\n\t\t\t\t\t\t\t<div class=\"elementor-row\">\n\t\t\t\t\t<div class=\"elementor-column elementor-col-100 elementor-top-column elementor-element elementor-element-3481a3a2\" data-id=\"3481a3a2\" data-element_type=\"column\">\n\t\t\t<div class=\"elementor-column-wrap elementor-element-populated\">\n\t\t\t\t\t\t\t<div class=\"elementor-widget-wrap\">\n\t\t\t\t\t\t<div class=\"elementor-element elementor-element-49980c1d elementor-widget-divider--view-line elementor-widget elementor-widget-divider\" data-id=\"49980c1d\" data-element_type=\"widget\" data-widget_type=\"divider.default\">\n\t\t\t\t<div class=\"elementor-widget-container\">\n\t\t\t\t\t<div class=\"elementor-divider\">\n\t\t\t<span class=\"elementor-divider-separator\">\n\t\t\t\t\t\t<\/span>\n\t\t<\/div>\n\t\t\t\t<\/div>\n\t\t\t\t<\/div>\n\t\t\t\t<div class=\"elementor-element elementor-element-13e22bb9 elementor-widget__width-initial elementor-widget elementor-widget-text-editor\" data-id=\"13e22bb9\" data-element_type=\"widget\" data-widget_type=\"text-editor.default\">\n\t\t\t\t<div class=\"elementor-widget-container\">\n\t\t\t\t\t\t\t\t<div class=\"elementor-text-editor elementor-clearfix\">\n\t\t\t\t<p>Fill out the form below, and members of our team will respond as soon as possible and contact you to prepare an offer.<\/p>\t\t\t\t\t<\/div>\n\t\t\t\t\t\t<\/div>\n\t\t\t\t<\/div>\n\t\t\t\t\t\t<\/div>\n\t\t\t\t\t<\/div>\n\t\t<\/div>\n\t\t\t\t\t\t\t\t<\/div>\n\t\t\t\t\t<\/div>\n\t\t<\/section>\n\t\t\t\t<section class=\"elementor-section elementor-top-section elementor-element elementor-element-e1fed81 elementor-section-boxed elementor-section-height-default elementor-section-height-default\" data-id=\"e1fed81\" data-element_type=\"section\">\n\t\t\t\t\t\t<div class=\"elementor-container elementor-column-gap-default\">\n\t\t\t\t\t\t\t<div class=\"elementor-row\">\n\t\t\t\t\t<div class=\"elementor-column elementor-col-100 elementor-top-column elementor-element elementor-element-ca53041\" data-id=\"ca53041\" data-element_type=\"column\">\n\t\t\t<div class=\"elementor-column-wrap elementor-element-populated\">\n\t\t\t\t\t\t\t<div class=\"elementor-widget-wrap\">\n\t\t\t\t\t\t<div class=\"elementor-element elementor-element-8cb9dec elementor-widget elementor-widget-shortcode\" data-id=\"8cb9dec\" data-element_type=\"widget\" data-widget_type=\"shortcode.default\">\n\t\t\t\t<div class=\"elementor-widget-container\">\n\t\t\t\t\t<div class=\"elementor-shortcode\"><div role=\"form\" class=\"wpcf7\" id=\"wpcf7-f3522-o1\" lang=\"sl-SI\" dir=\"ltr\">\n<div class=\"screen-reader-response\"><p role=\"status\" aria-live=\"polite\" aria-atomic=\"true\"><\/p> <ul><\/ul><\/div>\n<form action=\"\/en\/wp-json\/wp\/v2\/pages\/3520#wpcf7-f3522-o1\" method=\"post\" class=\"wpcf7-form init\" novalidate=\"novalidate\" data-status=\"init\" data-trp-original-action=\"\/en\/wp-json\/wp\/v2\/pages\/3520#wpcf7-f3522-o1\">\n<div style=\"display: none;\">\n<input type=\"hidden\" name=\"_wpcf7\" value=\"3522\" \/>\n<input type=\"hidden\" name=\"_wpcf7_version\" value=\"5.4.2\" \/>\n<input type=\"hidden\" name=\"_wpcf7_locale\" value=\"sl_SI\" \/>\n<input type=\"hidden\" name=\"_wpcf7_unit_tag\" value=\"wpcf7-f3522-o1\" \/>\n<input type=\"hidden\" name=\"_wpcf7_container_post\" value=\"0\" \/>\n<input type=\"hidden\" name=\"_wpcf7_posted_data_hash\" value=\"\" \/>\n<input type=\"hidden\" name=\"_wpcf7_recaptcha_response\" value=\"\" \/>\n<\/div>\n<p><label><b> Name<br \/>\n    <span class=\"wpcf7-form-control-wrap your-name\"><input type=\"text\" name=\"your-name\" value=\"\" size=\"40\" class=\"wpcf7-form-control wpcf7-text wpcf7-validates-as-required\" aria-required=\"true\" aria-invalid=\"false\" \/><\/span><\/p>\n<p><label> E-mail<br \/>\n    <span class=\"wpcf7-form-control-wrap your-email\"><input type=\"email\" name=\"your-email\" value=\"\" size=\"40\" class=\"wpcf7-form-control wpcf7-text wpcf7-email wpcf7-validates-as-required wpcf7-validates-as-email\" aria-required=\"true\" aria-invalid=\"false\" \/><\/span> <\/p>\n<p><label> Company name<br \/>\n    <span class=\"wpcf7-form-control-wrap podjetje\"><input type=\"text\" name=\"podjetje\" value=\"\" size=\"40\" class=\"wpcf7-form-control wpcf7-text wpcf7-validates-as-required\" aria-required=\"true\" aria-invalid=\"false\" \/><\/span><\/p>\n<p><label> Phone<br \/>\n    <span class=\"wpcf7-form-control-wrap telefon\"><input type=\"tel\" name=\"telefon\" value=\"\" size=\"40\" class=\"wpcf7-form-control wpcf7-text wpcf7-tel wpcf7-validates-as-required wpcf7-validates-as-tel\" aria-required=\"true\" aria-invalid=\"false\" \/><\/span><\/p>\n<p><label> Company webpage<br \/>\n    <span class=\"wpcf7-form-control-wrap spletna-stran\"><input type=\"text\" name=\"spletna-stran\" value=\"\" size=\"40\" class=\"wpcf7-form-control wpcf7-text wpcf7-validates-as-required\" aria-required=\"true\" aria-invalid=\"false\" \/><\/span><\/p>\n<p><label> Message <\/b><br \/>\n    <span class=\"wpcf7-form-control-wrap sporocilo\"><textarea name=\"sporocilo\" cols=\"40\" rows=\"10\" class=\"wpcf7-form-control wpcf7-textarea\" aria-invalid=\"false\"><\/textarea><\/span><\/p>\n<p><input type=\"submit\" value=\"SEND INQUIRY\" class=\"wpcf7-form-control wpcf7-submit\" \/><\/p>\n<div class=\"wpcf7-response-output\" aria-hidden=\"true\"><\/div><input type=\"hidden\" name=\"trp-form-language\" value=\"en\"\/><\/form><\/div><\/div>\n\t\t\t\t<\/div>\n\t\t\t\t<\/div>\n\t\t\t\t\t\t<\/div>\n\t\t\t\t\t<\/div>\n\t\t<\/div>\n\t\t\t\t\t\t\t\t<\/div>\n\t\t\t\t\t<\/div>\n\t\t<\/section>\n\t\t\t\t\t\t<\/div>\n\t\t\t\t\t\t<\/div>\n\t\t\t\t\t<\/div>","protected":false},"excerpt":{"rendered":"<p>Fill out the form below, and members of our team will respond as soon as possible and contact you to prepare an offer.<\/p>","protected":false},"author":1,"featured_media":0,"parent":0,"menu_order":0,"comment_status":"closed","ping_status":"closed","template":"","meta":{"_monsterinsights_skip_tracking":false,"_monsterinsights_sitenote_active":false,"_monsterinsights_sitenote_note":"","_monsterinsights_sitenote_category":0},"yoast_head":"<!-- This site is optimized with the Yoast SEO plugin v15.5 - https:\/\/yoast.com\/wordpress\/plugins\/seo\/ -->\n<title>Pridobi ponudbo &raquo; EMS Sejmi<\/title>\n<meta name=\"robots\" content=\"index, follow, max-snippet:-1, max-image-preview:large, max-video-preview:-1\" \/>\n<link rel=\"canonical\" href=\"https:\/\/www.emsexpo.eu\/en\/pridobi-ponudbo\/\" \/>\n<meta property=\"og:locale\" content=\"en_GB\" \/>\n<meta property=\"og:type\" content=\"article\" \/>\n<meta property=\"og:title\" content=\"Pridobi ponudbo &raquo; EMS Sejmi\" \/>\n<meta property=\"og:description\" content=\"Izpolnite spodnji obrazec, \u010dlani na\u0161e ekipe pa se bodo odzvali v najkraj\u0161em mo\u017enem \u010dasu in vas kontaktirali za pripravo ponudbe.\" \/>\n<meta property=\"og:url\" content=\"https:\/\/www.emsexpo.eu\/en\/pridobi-ponudbo\/\" \/>\n<meta property=\"og:site_name\" content=\"EMS Sejmi\" \/>\n<meta property=\"article:modified_time\" content=\"2020-09-28T17:42:07+00:00\" \/>\n<meta property=\"og:image\" content=\"https:\/\/www.emsexpo.eu\/wp-content\/uploads\/2020\/09\/M-Sora-Dunaj.jpg\" \/>\n\t<meta property=\"og:image:width\" content=\"1000\" \/>\n\t<meta property=\"og:image:height\" content=\"706\" \/>\n<meta name=\"twitter:card\" content=\"summary_large_image\" \/>\n<meta name=\"twitter:label1\" content=\"Estimated reading time\">\n\t<meta name=\"twitter:data1\" content=\"0 minutes\">\n<script type=\"application\/ld+json\" class=\"yoast-schema-graph\">{\"@context\":\"https:\/\/schema.org\",\"@graph\":[{\"@type\":\"Organization\",\"@id\":\"https:\/\/www.emsexpo.eu\/#organization\",\"name\":\"EMS Sejmi d.o.o. - sejemski in\\u017eeniring, sejemske postavitve in projektiranje\",\"url\":\"https:\/\/www.emsexpo.eu\/\",\"sameAs\":[\"https:\/\/www.linkedin.com\/company\/ems-sejmi-d-o-o\/\"],\"logo\":{\"@type\":\"ImageObject\",\"@id\":\"https:\/\/www.emsexpo.eu\/#logo\",\"inLanguage\":\"en-GB\",\"url\":\"https:\/\/www.emsexpo.eu\/wp-content\/uploads\/2019\/08\/LOGO-EMS-moder2.png\",\"width\":1916,\"height\":639,\"caption\":\"EMS Sejmi d.o.o. - sejemski in\\u017eeniring, sejemske postavitve in projektiranje\"},\"image\":{\"@id\":\"https:\/\/www.emsexpo.eu\/#logo\"}},{\"@type\":\"WebSite\",\"@id\":\"https:\/\/www.emsexpo.eu\/#website\",\"url\":\"https:\/\/www.emsexpo.eu\/\",\"name\":\"EMS Sejmi d.o.o.\",\"description\":\"Projektiranje in sejemski in\\u017eeniring\",\"publisher\":{\"@id\":\"https:\/\/www.emsexpo.eu\/#organization\"},\"potentialAction\":[{\"@type\":\"SearchAction\",\"target\":\"https:\/\/www.emsexpo.eu\/?s={search_term_string}\",\"query-input\":\"required name=search_term_string\"}],\"inLanguage\":\"en-GB\"},{\"@type\":\"WebPage\",\"@id\":\"https:\/\/www.emsexpo.eu\/pridobi-ponudbo\/#webpage\",\"url\":\"https:\/\/www.emsexpo.eu\/pridobi-ponudbo\/\",\"name\":\"Pridobi ponudbo &raquo; EMS Sejmi\",\"isPartOf\":{\"@id\":\"https:\/\/www.emsexpo.eu\/#website\"},\"datePublished\":\"2020-09-25T07:36:57+00:00\",\"dateModified\":\"2020-09-28T17:42:07+00:00\",\"inLanguage\":\"en-GB\",\"potentialAction\":[{\"@type\":\"ReadAction\",\"target\":[\"https:\/\/www.emsexpo.eu\/pridobi-ponudbo\/\"]}]}]}<\/script>\n<!-- \/ Yoast SEO plugin. -->","_links":{"self":[{"href":"https:\/\/www.emsexpo.eu\/en\/wp-json\/wp\/v2\/pages\/3520"}],"collection":[{"href":"https:\/\/www.emsexpo.eu\/en\/wp-json\/wp\/v2\/pages"}],"about":[{"href":"https:\/\/www.emsexpo.eu\/en\/wp-json\/wp\/v2\/types\/page"}],"author":[{"embeddable":true,"href":"https:\/\/www.emsexpo.eu\/en\/wp-json\/wp\/v2\/users\/1"}],"replies":[{"embeddable":true,"href":"https:\/\/www.emsexpo.eu\/en\/wp-json\/wp\/v2\/comments?post=3520"}],"version-history":[{"count":6,"href":"https:\/\/www.emsexpo.eu\/en\/wp-json\/wp\/v2\/pages\/3520\/revisions"}],"predecessor-version":[{"id":3577,"href":"https:\/\/www.emsexpo.eu\/en\/wp-json\/wp\/v2\/pages\/3520\/revisions\/3577"}],"wp:attachment":[{"href":"https:\/\/www.emsexpo.eu\/en\/wp-json\/wp\/v2\/media?parent=3520"}],"curies":[{"name":"wp","href":"https:\/\/api.w.org\/{rel}","templated":true}]}}