{"id":3243,"date":"2020-09-08T09:07:43","date_gmt":"2020-09-08T08:07:43","guid":{"rendered":"http:\/\/www.emsexpo.eu\/?page_id=3243"},"modified":"2020-10-28T20:08:03","modified_gmt":"2020-10-28T19:08:03","slug":"zaposlimo","status":"publish","type":"page","link":"https:\/\/www.emsexpo.eu\/en\/zaposlimo\/","title":{"rendered":"Career"},"content":{"rendered":"<div data-elementor-type=\"wp-post\" data-elementor-id=\"3243\" class=\"elementor elementor-3243\" data-elementor-settings=\"[]\">\n\t\t\t\t\t\t<div class=\"elementor-inner\">\n\t\t\t\t\t\t\t<div class=\"elementor-section-wrap\">\n\t\t\t\t\t\t\t<section class=\"elementor-section elementor-top-section elementor-element elementor-element-4eede58 elementor-section-boxed elementor-section-height-default elementor-section-height-default\" data-id=\"4eede58\" data-element_type=\"section\" data-settings=\"{&quot;background_background&quot;:&quot;classic&quot;}\">\n\t\t\t\t\t\t<div class=\"elementor-container elementor-column-gap-default\">\n\t\t\t\t\t\t\t<div class=\"elementor-row\">\n\t\t\t\t\t<div class=\"elementor-column elementor-col-100 elementor-top-column elementor-element elementor-element-90fd3f0\" data-id=\"90fd3f0\" data-element_type=\"column\">\n\t\t\t<div class=\"elementor-column-wrap elementor-element-populated\">\n\t\t\t\t\t\t\t<div class=\"elementor-widget-wrap\">\n\t\t\t\t\t\t<div class=\"elementor-element elementor-element-b16c40d elementor-widget-divider--view-line elementor-widget elementor-widget-divider\" data-id=\"b16c40d\" data-element_type=\"widget\" data-widget_type=\"divider.default\">\n\t\t\t\t<div class=\"elementor-widget-container\">\n\t\t\t\t\t<div class=\"elementor-divider\">\n\t\t\t<span class=\"elementor-divider-separator\">\n\t\t\t\t\t\t<\/span>\n\t\t<\/div>\n\t\t\t\t<\/div>\n\t\t\t\t<\/div>\n\t\t\t\t<div class=\"elementor-element elementor-element-8c1d9b5 elementor-widget elementor-widget-heading\" data-id=\"8c1d9b5\" data-element_type=\"widget\" data-widget_type=\"heading.default\">\n\t\t\t\t<div class=\"elementor-widget-container\">\n\t\t\t<h2 class=\"elementor-heading-title elementor-size-default\">Career<\/h2>\t\t<\/div>\n\t\t\t\t<\/div>\n\t\t\t\t<div class=\"elementor-element elementor-element-4f8630e elementor-widget__width-initial elementor-widget elementor-widget-text-editor\" data-id=\"4f8630e\" data-element_type=\"widget\" data-widget_type=\"text-editor.default\">\n\t\t\t\t<div class=\"elementor-widget-container\">\n\t\t\t\t\t\t\t\t<div class=\"elementor-text-editor elementor-clearfix\">\n\t\t\t\t<p>Knowledge, dedication and passion are the foundations of EMS employees. Our story is based on the vision and determination of EMS experts in various fields in the development and implementation of fair projects, both in the domestic and global markets.<\/p><p>If there is currently no vacancy that matches your profile, you can register in the candidate database.<\/p>\t\t\t\t\t<\/div>\n\t\t\t\t\t\t<\/div>\n\t\t\t\t<\/div>\n\t\t\t\t\t\t<\/div>\n\t\t\t\t\t<\/div>\n\t\t<\/div>\n\t\t\t\t\t\t\t\t<\/div>\n\t\t\t\t\t<\/div>\n\t\t<\/section>\n\t\t\t\t<section class=\"elementor-section elementor-top-section elementor-element elementor-element-f87f1de elementor-section-boxed elementor-section-height-default elementor-section-height-default\" data-id=\"f87f1de\" data-element_type=\"section\">\n\t\t\t\t\t\t<div class=\"elementor-container elementor-column-gap-default\">\n\t\t\t\t\t\t\t<div class=\"elementor-row\">\n\t\t\t\t\t<div class=\"elementor-column elementor-col-100 elementor-top-column elementor-element elementor-element-08d28ec\" data-id=\"08d28ec\" data-element_type=\"column\">\n\t\t\t<div class=\"elementor-column-wrap elementor-element-populated\">\n\t\t\t\t\t\t\t<div class=\"elementor-widget-wrap\">\n\t\t\t\t\t\t<div class=\"elementor-element elementor-element-b2fe91e elementor-widget elementor-widget-shortcode\" data-id=\"b2fe91e\" data-element_type=\"widget\" data-widget_type=\"shortcode.default\">\n\t\t\t\t<div class=\"elementor-widget-container\">\n\t\t\t\t\t<div class=\"elementor-shortcode\"><div role=\"form\" class=\"wpcf7\" id=\"wpcf7-f3516-o1\" lang=\"sl-SI\" dir=\"ltr\">\n<div class=\"screen-reader-response\"><p role=\"status\" aria-live=\"polite\" aria-atomic=\"true\"><\/p> <ul><\/ul><\/div>\n<form action=\"\/en\/wp-json\/wp\/v2\/pages\/3243#wpcf7-f3516-o1\" method=\"post\" class=\"wpcf7-form init\" enctype=\"multipart\/form-data\" novalidate=\"novalidate\" data-status=\"init\" data-trp-original-action=\"\/en\/wp-json\/wp\/v2\/pages\/3243#wpcf7-f3516-o1\">\n<div style=\"display: none;\">\n<input type=\"hidden\" name=\"_wpcf7\" value=\"3516\" \/>\n<input type=\"hidden\" name=\"_wpcf7_version\" value=\"5.4.2\" \/>\n<input type=\"hidden\" name=\"_wpcf7_locale\" value=\"sl_SI\" \/>\n<input type=\"hidden\" name=\"_wpcf7_unit_tag\" value=\"wpcf7-f3516-o1\" \/>\n<input type=\"hidden\" name=\"_wpcf7_container_post\" value=\"0\" \/>\n<input type=\"hidden\" name=\"_wpcf7_posted_data_hash\" value=\"\" \/>\n<input type=\"hidden\" name=\"_wpcf7_recaptcha_response\" value=\"\" \/>\n<\/div>\n<p><label><b> Name<br \/>\n    <span class=\"wpcf7-form-control-wrap your-name\"><input type=\"text\" name=\"your-name\" value=\"\" size=\"40\" class=\"wpcf7-form-control wpcf7-text wpcf7-validates-as-required\" aria-required=\"true\" aria-invalid=\"false\" \/><\/span> <\/p>\n<p><label> E-mail<br \/>\n    <span class=\"wpcf7-form-control-wrap your-email\"><input type=\"email\" name=\"your-email\" value=\"\" size=\"40\" class=\"wpcf7-form-control wpcf7-text wpcf7-email wpcf7-validates-as-required wpcf7-validates-as-email\" aria-required=\"true\" aria-invalid=\"false\" \/><\/span> <\/p>\n<p><label> Address<br \/>\n    <span class=\"wpcf7-form-control-wrap Naslov\"><input type=\"text\" name=\"Naslov\" value=\"\" size=\"40\" class=\"wpcf7-form-control wpcf7-text wpcf7-validates-as-required\" aria-required=\"true\" aria-invalid=\"false\" \/><\/span> <\/p>\n<p><label> Phone<br \/>\n    <span class=\"wpcf7-form-control-wrap telefon\"><input type=\"tel\" name=\"telefon\" value=\"\" size=\"40\" class=\"wpcf7-form-control wpcf7-text wpcf7-tel wpcf7-validates-as-tel\" aria-invalid=\"false\" \/><\/span> <\/p>\n<p><label> Education<br \/>\n    <span class=\"wpcf7-form-control-wrap formalna-izobrazba\"><input type=\"text\" name=\"formalna-izobrazba\" value=\"\" size=\"40\" class=\"wpcf7-form-control wpcf7-text wpcf7-validates-as-required\" aria-required=\"true\" aria-invalid=\"false\" \/><\/span> <\/p>\n<p><label> Year of birth<br \/>\n    <span class=\"wpcf7-form-control-wrap leto-rojstva\"><input type=\"number\" name=\"leto-rojstva\" value=\"\" class=\"wpcf7-form-control wpcf7-number wpcf7-validates-as-number\" min=\"1900\" max=\"2020\" aria-invalid=\"false\" \/><\/span> <\/p>\n<p><label> Experiences<br \/>\n    <span class=\"wpcf7-form-control-wrap izkusnje\"><textarea name=\"izkusnje\" cols=\"40\" rows=\"10\" class=\"wpcf7-form-control wpcf7-textarea\" aria-invalid=\"false\"><\/textarea><\/span> <\/p>\n<p><label> Languages <\/b><br \/>\n    <span class=\"wpcf7-form-control-wrap Aktivno-znanje-jezikov\"><span class=\"wpcf7-form-control wpcf7-radio\"><span class=\"wpcf7-list-item first\"><input type=\"radio\" name=\"Aktivno-znanje-jezikov\" value=\"Angle\u0161\u010dina\" \/><span class=\"wpcf7-list-item-label\">English<\/span><\/span><span class=\"wpcf7-list-item\"><input type=\"radio\" name=\"Aktivno-znanje-jezikov\" value=\"Nem\u0161\u010dina\" \/><span class=\"wpcf7-list-item-label\">German<\/span><\/span><span class=\"wpcf7-list-item last\"><input type=\"radio\" name=\"Aktivno-znanje-jezikov\" value=\"Drugo\" \/><span class=\"wpcf7-list-item-label\">Other<\/span><\/span><\/span><\/span><\/p>\n<p><label><b> Active knowledge of other languages<br \/>\n    <span class=\"wpcf7-form-control-wrap drugi-jeziki\"><input type=\"text\" name=\"drugi-jeziki\" value=\"\" size=\"40\" class=\"wpcf7-form-control wpcf7-text wpcf7-validates-as-required\" aria-required=\"true\" aria-invalid=\"false\" \/><\/span> <\/p>\n<p><label> Computer skills <\/b><br \/>\n    <span class=\"wpcf7-form-control-wrap racunalniska-orodja\"><span class=\"wpcf7-form-control wpcf7-radio\"><span class=\"wpcf7-list-item first\"><input type=\"radio\" name=\"racunalniska-orodja\" value=\"samostojno delo v okolju Windows\" \/><span class=\"wpcf7-list-item-label\">Windows<\/span><\/span><span class=\"wpcf7-list-item last\"><input type=\"radio\" name=\"racunalniska-orodja\" value=\"Microsoft Office\" \/><span class=\"wpcf7-list-item-label\">Microsoft Office<\/span><\/span><\/span><\/span><\/p>\n<p><label><b> Computer skills (other)<br \/>\n    <span class=\"wpcf7-form-control-wrap racunalniska-orodja\"><input type=\"text\" name=\"racunalniska-orodja\" value=\"\" size=\"40\" class=\"wpcf7-form-control wpcf7-text wpcf7-validates-as-required\" aria-required=\"true\" aria-invalid=\"false\" \/><\/span> <\/p>\n<p><label> Field of work <\/b><br \/>\n    <span class=\"wpcf7-form-control-wrap podrocje-dela\"><span class=\"wpcf7-form-control wpcf7-radio\"><span class=\"wpcf7-list-item first\"><input type=\"radio\" name=\"podrocje-dela\" value=\"voznik\" \/><span class=\"wpcf7-list-item-label\">driver<\/span><\/span><span class=\"wpcf7-list-item\"><input type=\"radio\" name=\"podrocje-dela\" value=\"mizar\" \/><span class=\"wpcf7-list-item-label\">carpenter<\/span><\/span><span class=\"wpcf7-list-item\"><input type=\"radio\" name=\"podrocje-dela\" value=\"slikopleskar\" \/><span class=\"wpcf7-list-item-label\">painter<\/span><\/span><span class=\"wpcf7-list-item\"><input type=\"radio\" name=\"podrocje-dela\" value=\"monter\" \/><span class=\"wpcf7-list-item-label\">fitter<\/span><\/span><span class=\"wpcf7-list-item\"><input type=\"radio\" name=\"podrocje-dela\" value=\"komercialist\" \/><span class=\"wpcf7-list-item-label\">salesman<\/span><\/span><span class=\"wpcf7-list-item\"><input type=\"radio\" name=\"podrocje-dela\" value=\"arhitekt\" \/><span class=\"wpcf7-list-item-label\">architect<\/span><\/span><span class=\"wpcf7-list-item last\"><input type=\"radio\" name=\"podrocje-dela\" value=\"grafi\u010dni oblikovalec\" \/><span class=\"wpcf7-list-item-label\">graphic designer<\/span><\/span><\/span><\/span> <\/p>\n<p><label><b> CV <\/b><br \/>\n    <span class=\"wpcf7-form-control-wrap zivljenjepis\"><input type=\"file\" name=\"zivljenjepis\" size=\"40\" class=\"wpcf7-form-control wpcf7-file\" accept=\".jpg,.jpeg,.png,.gif,.pdf,.doc,.docx,.ppt,.pptx,.odt,.avi,.ogg,.m4a,.mov,.mp3,.mp4,.mpg,.wav,.wmv\" aria-invalid=\"false\" \/><\/span><\/p>\n<p><input type=\"submit\" value=\"Send\" class=\"wpcf7-form-control wpcf7-submit\" \/><\/p>\n<div class=\"wpcf7-response-output\" aria-hidden=\"true\"><\/div><input type=\"hidden\" name=\"trp-form-language\" value=\"en\"\/><\/form><\/div><\/div>\n\t\t\t\t<\/div>\n\t\t\t\t<\/div>\n\t\t\t\t\t\t<\/div>\n\t\t\t\t\t<\/div>\n\t\t<\/div>\n\t\t\t\t\t\t\t\t<\/div>\n\t\t\t\t\t<\/div>\n\t\t<\/section>\n\t\t\t\t\t\t<\/div>\n\t\t\t\t\t\t<\/div>\n\t\t\t\t\t<\/div>","protected":false},"excerpt":{"rendered":"<p>Zaposlimo Znanje, predanost in strast so temelji zaposlenih v podjetju EMS. Na\u0161a zgodba temelji na viziji in odlo\u010dnosti EMS strokovnjakov na razli\u010dnih podro\u010djih pri razvoju in izvedbi sejemskih projektov, tako na doma\u010dem, kot na svetovnem trgu. V kolikor trenutno ni razpisanega delavnega mesta, ki ustreza va\u0161emu profilu, se lahko vpi\u0161ete v bazo kandidatov.<\/p>","protected":false},"author":1,"featured_media":3017,"parent":0,"menu_order":0,"comment_status":"closed","ping_status":"closed","template":"page-templates\/fullwidth-content.php","meta":{"_monsterinsights_skip_tracking":false,"_monsterinsights_sitenote_active":false,"_monsterinsights_sitenote_note":"","_monsterinsights_sitenote_category":0},"yoast_head":"<!-- This site is optimized with the Yoast SEO plugin v15.5 - https:\/\/yoast.com\/wordpress\/plugins\/seo\/ -->\n<title>Zaposlitev &raquo; EMS Sejmi &raquo; Pridru\u017ei se ekipi sejemskih in\u017eenirjev<\/title>\n<meta name=\"description\" content=\"Zaradi raznovrstnosti projektov in eksponentne rasti podjetja, smo vedno odprti za nova sodelovanja. Vpi\u0161i se v na\u0161o bazo preko obrazca.\" \/>\n<meta name=\"robots\" content=\"index, follow, max-snippet:-1, max-image-preview:large, max-video-preview:-1\" \/>\n<link rel=\"canonical\" href=\"https:\/\/www.emsexpo.eu\/en\/zaposlimo\/\" \/>\n<meta property=\"og:locale\" content=\"en_GB\" \/>\n<meta property=\"og:type\" content=\"article\" \/>\n<meta property=\"og:title\" content=\"Zaposlitev &raquo; EMS Sejmi &raquo; Pridru\u017ei se ekipi sejemskih in\u017eenirjev\" \/>\n<meta property=\"og:description\" content=\"Zaradi raznovrstnosti projektov in eksponentne rasti podjetja, smo vedno odprti za nova sodelovanja. Vpi\u0161i se v na\u0161o bazo preko obrazca.\" \/>\n<meta property=\"og:url\" content=\"https:\/\/www.emsexpo.eu\/en\/zaposlimo\/\" \/>\n<meta property=\"og:site_name\" content=\"EMS Sejmi\" \/>\n<meta property=\"article:modified_time\" content=\"2020-10-28T19:08:03+00:00\" \/>\n<meta property=\"og:image\" content=\"https:\/\/www.emsexpo.eu\/wp-content\/uploads\/2020\/09\/Prijava-na-sejem.png\" \/>\n\t<meta property=\"og:image:width\" content=\"370\" \/>\n\t<meta property=\"og:image:height\" content=\"247\" \/>\n<meta name=\"twitter:card\" content=\"summary_large_image\" \/>\n<meta name=\"twitter:label1\" content=\"Estimated reading time\">\n\t<meta name=\"twitter:data1\" content=\"0 minutes\">\n<script type=\"application\/ld+json\" class=\"yoast-schema-graph\">{\"@context\":\"https:\/\/schema.org\",\"@graph\":[{\"@type\":\"Organization\",\"@id\":\"https:\/\/www.emsexpo.eu\/#organization\",\"name\":\"EMS Sejmi d.o.o. - sejemski in\\u017eeniring, sejemske postavitve in projektiranje\",\"url\":\"https:\/\/www.emsexpo.eu\/\",\"sameAs\":[\"https:\/\/www.linkedin.com\/company\/ems-sejmi-d-o-o\/\"],\"logo\":{\"@type\":\"ImageObject\",\"@id\":\"https:\/\/www.emsexpo.eu\/#logo\",\"inLanguage\":\"en-GB\",\"url\":\"https:\/\/www.emsexpo.eu\/wp-content\/uploads\/2019\/08\/LOGO-EMS-moder2.png\",\"width\":1916,\"height\":639,\"caption\":\"EMS Sejmi d.o.o. - sejemski in\\u017eeniring, sejemske postavitve in projektiranje\"},\"image\":{\"@id\":\"https:\/\/www.emsexpo.eu\/#logo\"}},{\"@type\":\"WebSite\",\"@id\":\"https:\/\/www.emsexpo.eu\/#website\",\"url\":\"https:\/\/www.emsexpo.eu\/\",\"name\":\"EMS Sejmi d.o.o.\",\"description\":\"Projektiranje in sejemski in\\u017eeniring\",\"publisher\":{\"@id\":\"https:\/\/www.emsexpo.eu\/#organization\"},\"potentialAction\":[{\"@type\":\"SearchAction\",\"target\":\"https:\/\/www.emsexpo.eu\/?s={search_term_string}\",\"query-input\":\"required name=search_term_string\"}],\"inLanguage\":\"en-GB\"},{\"@type\":\"ImageObject\",\"@id\":\"https:\/\/www.emsexpo.eu\/zaposlimo\/#primaryimage\",\"inLanguage\":\"en-GB\",\"url\":\"https:\/\/www.emsexpo.eu\/wp-content\/uploads\/2020\/09\/Prijava-na-sejem.png\",\"width\":370,\"height\":247,\"caption\":\"Sejemski nastop\"},{\"@type\":\"WebPage\",\"@id\":\"https:\/\/www.emsexpo.eu\/zaposlimo\/#webpage\",\"url\":\"https:\/\/www.emsexpo.eu\/zaposlimo\/\",\"name\":\"Zaposlitev &raquo; EMS Sejmi &raquo; Pridru\\u017ei se ekipi sejemskih in\\u017eenirjev\",\"isPartOf\":{\"@id\":\"https:\/\/www.emsexpo.eu\/#website\"},\"primaryImageOfPage\":{\"@id\":\"https:\/\/www.emsexpo.eu\/zaposlimo\/#primaryimage\"},\"datePublished\":\"2020-09-08T08:07:43+00:00\",\"dateModified\":\"2020-10-28T19:08:03+00:00\",\"description\":\"Zaradi raznovrstnosti projektov in eksponentne rasti podjetja, smo vedno odprti za nova sodelovanja. Vpi\\u0161i se v na\\u0161o bazo preko obrazca.\",\"inLanguage\":\"en-GB\",\"potentialAction\":[{\"@type\":\"ReadAction\",\"target\":[\"https:\/\/www.emsexpo.eu\/zaposlimo\/\"]}]}]}<\/script>\n<!-- \/ Yoast SEO plugin. -->","_links":{"self":[{"href":"https:\/\/www.emsexpo.eu\/en\/wp-json\/wp\/v2\/pages\/3243"}],"collection":[{"href":"https:\/\/www.emsexpo.eu\/en\/wp-json\/wp\/v2\/pages"}],"about":[{"href":"https:\/\/www.emsexpo.eu\/en\/wp-json\/wp\/v2\/types\/page"}],"author":[{"embeddable":true,"href":"https:\/\/www.emsexpo.eu\/en\/wp-json\/wp\/v2\/users\/1"}],"replies":[{"embeddable":true,"href":"https:\/\/www.emsexpo.eu\/en\/wp-json\/wp\/v2\/comments?post=3243"}],"version-history":[{"count":10,"href":"https:\/\/www.emsexpo.eu\/en\/wp-json\/wp\/v2\/pages\/3243\/revisions"}],"predecessor-version":[{"id":3721,"href":"https:\/\/www.emsexpo.eu\/en\/wp-json\/wp\/v2\/pages\/3243\/revisions\/3721"}],"wp:featuredmedia":[{"embeddable":true,"href":"https:\/\/www.emsexpo.eu\/en\/wp-json\/wp\/v2\/media\/3017"}],"wp:attachment":[{"href":"https:\/\/www.emsexpo.eu\/en\/wp-json\/wp\/v2\/media?parent=3243"}],"curies":[{"name":"wp","href":"https:\/\/api.w.org\/{rel}","templated":true}]}}