{"id":2958,"date":"2020-09-01T15:19:32","date_gmt":"2020-09-01T14:19:32","guid":{"rendered":"http:\/\/www.emsexpo.eu\/?page_id=2958"},"modified":"2020-10-28T20:06:19","modified_gmt":"2020-10-28T19:06:19","slug":"pogosta-vprasanja-in-odgovori","status":"publish","type":"page","link":"https:\/\/www.emsexpo.eu\/en\/pogosta-vprasanja-in-odgovori\/","title":{"rendered":"FAQ's"},"content":{"rendered":"<div data-elementor-type=\"wp-post\" data-elementor-id=\"2958\" class=\"elementor elementor-2958\" data-elementor-settings=\"[]\">\n\t\t\t\t\t\t<div class=\"elementor-inner\">\n\t\t\t\t\t\t\t<div class=\"elementor-section-wrap\">\n\t\t\t\t\t\t\t<section class=\"elementor-section elementor-top-section elementor-element elementor-element-4eede58 elementor-section-boxed elementor-section-height-default elementor-section-height-default\" data-id=\"4eede58\" data-element_type=\"section\" data-settings=\"{&quot;background_background&quot;:&quot;classic&quot;}\">\n\t\t\t\t\t\t<div class=\"elementor-container elementor-column-gap-default\">\n\t\t\t\t\t\t\t<div class=\"elementor-row\">\n\t\t\t\t\t<div class=\"elementor-column elementor-col-100 elementor-top-column elementor-element elementor-element-90fd3f0\" data-id=\"90fd3f0\" data-element_type=\"column\">\n\t\t\t<div class=\"elementor-column-wrap elementor-element-populated\">\n\t\t\t\t\t\t\t<div class=\"elementor-widget-wrap\">\n\t\t\t\t\t\t<div class=\"elementor-element elementor-element-b16c40d elementor-widget-divider--view-line elementor-widget elementor-widget-divider\" data-id=\"b16c40d\" data-element_type=\"widget\" data-widget_type=\"divider.default\">\n\t\t\t\t<div class=\"elementor-widget-container\">\n\t\t\t\t\t<div class=\"elementor-divider\">\n\t\t\t<span class=\"elementor-divider-separator\">\n\t\t\t\t\t\t<\/span>\n\t\t<\/div>\n\t\t\t\t<\/div>\n\t\t\t\t<\/div>\n\t\t\t\t<div class=\"elementor-element elementor-element-8c1d9b5 elementor-widget elementor-widget-heading\" data-id=\"8c1d9b5\" data-element_type=\"widget\" data-widget_type=\"heading.default\">\n\t\t\t\t<div class=\"elementor-widget-container\">\n\t\t\t<h2 class=\"elementor-heading-title elementor-size-default\">FAQ's<\/h2>\t\t<\/div>\n\t\t\t\t<\/div>\n\t\t\t\t<div class=\"elementor-element elementor-element-4f8630e elementor-widget__width-initial elementor-widget elementor-widget-text-editor\" data-id=\"4f8630e\" data-element_type=\"widget\" data-widget_type=\"text-editor.default\">\n\t\t\t\t<div class=\"elementor-widget-container\">\n\t\t\t\t\t\t\t\t<div class=\"elementor-text-editor elementor-clearfix\">\n\t\t\t\t<p class=\"translation-block\">We are here for you! We have prepared the most frequently asked questions and answers, as well as advice on the topic of appearances at trade fairs, trade fair equipment and trade fair layouts that arise for our clients. Our team of experienced trade fair professionals is always available for support, help or questions.<\/p>\t\t\t\t\t<\/div>\n\t\t\t\t\t\t<\/div>\n\t\t\t\t<\/div>\n\t\t\t\t\t\t<\/div>\n\t\t\t\t\t<\/div>\n\t\t<\/div>\n\t\t\t\t\t\t\t\t<\/div>\n\t\t\t\t\t<\/div>\n\t\t<\/section>\n\t\t\t\t<section class=\"elementor-section elementor-top-section elementor-element elementor-element-f87f1de elementor-section-boxed elementor-section-height-default elementor-section-height-default\" data-id=\"f87f1de\" data-element_type=\"section\">\n\t\t\t\t\t\t<div class=\"elementor-container elementor-column-gap-default\">\n\t\t\t\t\t\t\t<div class=\"elementor-row\">\n\t\t\t\t\t<div class=\"elementor-column elementor-col-100 elementor-top-column elementor-element elementor-element-08d28ec\" data-id=\"08d28ec\" data-element_type=\"column\">\n\t\t\t<div class=\"elementor-column-wrap elementor-element-populated\">\n\t\t\t\t\t\t\t<div class=\"elementor-widget-wrap\">\n\t\t\t\t\t\t<div class=\"elementor-element elementor-element-3de6ad4 elementor-widget elementor-widget-toggle\" data-id=\"3de6ad4\" data-element_type=\"widget\" data-widget_type=\"toggle.default\">\n\t\t\t\t<div class=\"elementor-widget-container\">\n\t\t\t\t\t<div class=\"elementor-toggle\" role=\"tablist\">\n\t\t\t\t\t\t\t<div class=\"elementor-toggle-item\">\n\t\t\t\t\t<div id=\"elementor-tab-title-6491\" class=\"elementor-tab-title\" data-tab=\"1\" role=\"tab\" aria-controls=\"elementor-tab-content-6491\" aria-expanded=\"false\">\n\t\t\t\t\t\t\t\t\t\t\t\t<span class=\"elementor-toggle-icon elementor-toggle-icon-left\" aria-hidden=\"true\">\n\t\t\t\t\t\t\t\t\t\t\t\t\t\t\t<span class=\"elementor-toggle-icon-closed\"><i class=\"fas fa-caret-right\"><\/i><\/span>\n\t\t\t\t\t\t\t\t<span class=\"elementor-toggle-icon-opened\"><i class=\"elementor-toggle-icon-opened fas fa-caret-up\"><\/i><\/span>\n\t\t\t\t\t\t\t\t\t\t\t\t\t<\/span>\n\t\t\t\t\t\t\t\t\t\t\t\t<a href=\"\" class=\"elementor-toggle-title\">Fairground requirements and standards<\/a>\n\t\t\t\t\t<\/div>\n\n\t\t\t\t\t<div id=\"elementor-tab-content-6491\" class=\"elementor-tab-content elementor-clearfix\" data-tab=\"1\" role=\"tabpanel\" aria-labelledby=\"elementor-tab-title-6491\"><p>After receiving the floor plan of the exhibition space, it is necessary to check all the requirements and standards of the fairgrounds and on the basis of them to make a project - a drawing of the exhibition space. Each project must be sent to the fairgrounds for approval by a certain deadline. You can expect a positive answer only with 100% consideration of their requirements and standards (which differ between fairs!).<\/p><\/div>\n\t\t\t\t<\/div>\n\t\t\t\t\t\t\t<div class=\"elementor-toggle-item\">\n\t\t\t\t\t<div id=\"elementor-tab-title-6492\" class=\"elementor-tab-title\" data-tab=\"2\" role=\"tab\" aria-controls=\"elementor-tab-content-6492\" aria-expanded=\"false\">\n\t\t\t\t\t\t\t\t\t\t\t\t<span class=\"elementor-toggle-icon elementor-toggle-icon-left\" aria-hidden=\"true\">\n\t\t\t\t\t\t\t\t\t\t\t\t\t\t\t<span class=\"elementor-toggle-icon-closed\"><i class=\"fas fa-caret-right\"><\/i><\/span>\n\t\t\t\t\t\t\t\t<span class=\"elementor-toggle-icon-opened\"><i class=\"elementor-toggle-icon-opened fas fa-caret-up\"><\/i><\/span>\n\t\t\t\t\t\t\t\t\t\t\t\t\t<\/span>\n\t\t\t\t\t\t\t\t\t\t\t\t<a href=\"\" class=\"elementor-toggle-title\">Technical connections<\/a>\n\t\t\t\t\t<\/div>\n\n\t\t\t\t\t<div id=\"elementor-tab-content-6492\" class=\"elementor-tab-content elementor-clearfix\" data-tab=\"2\" role=\"tabpanel\" aria-labelledby=\"elementor-tab-title-6492\"><p>Upon final confirmation of the project, it is necessary to order all the connections you need (after the project) at the exhibition space. In the event that you undertake this task yourself, consult the setter in advance about the correct choice, but you can leave it to us. As a rule, any subsequent ordering means significantly higher costs than usual.<\/p><\/div>\n\t\t\t\t<\/div>\n\t\t\t\t\t\t\t<div class=\"elementor-toggle-item\">\n\t\t\t\t\t<div id=\"elementor-tab-title-6493\" class=\"elementor-tab-title\" data-tab=\"3\" role=\"tab\" aria-controls=\"elementor-tab-content-6493\" aria-expanded=\"false\">\n\t\t\t\t\t\t\t\t\t\t\t\t<span class=\"elementor-toggle-icon elementor-toggle-icon-left\" aria-hidden=\"true\">\n\t\t\t\t\t\t\t\t\t\t\t\t\t\t\t<span class=\"elementor-toggle-icon-closed\"><i class=\"fas fa-caret-right\"><\/i><\/span>\n\t\t\t\t\t\t\t\t<span class=\"elementor-toggle-icon-opened\"><i class=\"elementor-toggle-icon-opened fas fa-caret-up\"><\/i><\/span>\n\t\t\t\t\t\t\t\t\t\t\t\t\t<\/span>\n\t\t\t\t\t\t\t\t\t\t\t\t<a href=\"\" class=\"elementor-toggle-title\">Exhibits<\/a>\n\t\t\t\t\t<\/div>\n\n\t\t\t\t\t<div id=\"elementor-tab-content-6493\" class=\"elementor-tab-content elementor-clearfix\" data-tab=\"3\" role=\"tabpanel\" aria-labelledby=\"elementor-tab-title-6493\"><p>Exhibits that we take to the fairgrounds must be delivered to our warehouse on time, in appropriate packaging and with the necessary documents (or prepared in time in case of collection in your warehouse). It is necessary to consider that the trucks are loaded on time and it is necessary to plan the distribution of the load in advance. Late delivery can mean a waste of valuable assembly time!<\/p><\/div>\n\t\t\t\t<\/div>\n\t\t\t\t\t\t\t<div class=\"elementor-toggle-item\">\n\t\t\t\t\t<div id=\"elementor-tab-title-6494\" class=\"elementor-tab-title\" data-tab=\"4\" role=\"tab\" aria-controls=\"elementor-tab-content-6494\" aria-expanded=\"false\">\n\t\t\t\t\t\t\t\t\t\t\t\t<span class=\"elementor-toggle-icon elementor-toggle-icon-left\" aria-hidden=\"true\">\n\t\t\t\t\t\t\t\t\t\t\t\t\t\t\t<span class=\"elementor-toggle-icon-closed\"><i class=\"fas fa-caret-right\"><\/i><\/span>\n\t\t\t\t\t\t\t\t<span class=\"elementor-toggle-icon-opened\"><i class=\"elementor-toggle-icon-opened fas fa-caret-up\"><\/i><\/span>\n\t\t\t\t\t\t\t\t\t\t\t\t\t<\/span>\n\t\t\t\t\t\t\t\t\t\t\t\t<a href=\"\" class=\"elementor-toggle-title\">Takeover of the exhibition space<\/a>\n\t\t\t\t\t<\/div>\n\n\t\t\t\t\t<div id=\"elementor-tab-content-6494\" class=\"elementor-tab-content elementor-clearfix\" data-tab=\"4\" role=\"tabpanel\" aria-labelledby=\"elementor-tab-title-6494\"><p>Plan to arrive at the exhibition space at least one day before the opening of the fair. With a sufficiently early collection, it is possible to make any minor corrections.<\/p><\/div>\n\t\t\t\t<\/div>\n\t\t\t\t\t\t\t\t<\/div>\n\t\t\t\t<\/div>\n\t\t\t\t<\/div>\n\t\t\t\t\t\t<\/div>\n\t\t\t\t\t<\/div>\n\t\t<\/div>\n\t\t\t\t\t\t\t\t<\/div>\n\t\t\t\t\t<\/div>\n\t\t<\/section>\n\t\t\t\t<section class=\"elementor-section elementor-top-section elementor-element elementor-element-dd01ac0 elementor-section-boxed elementor-section-height-default elementor-section-height-default\" data-id=\"dd01ac0\" data-element_type=\"section\">\n\t\t\t\t\t\t<div class=\"elementor-container elementor-column-gap-default\">\n\t\t\t\t\t\t\t<div class=\"elementor-row\">\n\t\t\t\t\t<div class=\"elementor-column elementor-col-100 elementor-top-column elementor-element elementor-element-7ef1e44\" data-id=\"7ef1e44\" data-element_type=\"column\">\n\t\t\t<div class=\"elementor-column-wrap elementor-element-populated\">\n\t\t\t\t\t\t\t<div class=\"elementor-widget-wrap\">\n\t\t\t\t\t\t<div class=\"elementor-element elementor-element-a597feb elementor-widget elementor-widget-text-editor\" data-id=\"a597feb\" data-element_type=\"widget\" data-widget_type=\"text-editor.default\">\n\t\t\t\t<div class=\"elementor-widget-container\">\n\t\t\t\t\t\t\t\t<div class=\"elementor-text-editor elementor-clearfix\">\n\t\t\t\t<p><strong>Can't find the answer to your question? Don't wait, a team of experienced experts from all areas of trade fair appearances, layout and preparation is just a click away.<\/strong><\/p>\t\t\t\t\t<\/div>\n\t\t\t\t\t\t<\/div>\n\t\t\t\t<\/div>\n\t\t\t\t<div class=\"elementor-element elementor-element-d021444 elementor-align-center elementor-widget elementor-widget-button\" data-id=\"d021444\" data-element_type=\"widget\" data-widget_type=\"button.default\">\n\t\t\t\t<div class=\"elementor-widget-container\">\n\t\t\t\t\t<div class=\"elementor-button-wrapper\">\n\t\t\t<a href=\"https:\/\/www.emsexpo.eu\/en\/?page_id=17\" class=\"elementor-button-link elementor-button elementor-size-sm\" role=\"button\">\n\t\t\t\t\t\t<span class=\"elementor-button-content-wrapper\">\n\t\t\t\t\t\t<span class=\"elementor-button-text\">Contact us<\/span>\n\t\t<\/span>\n\t\t\t\t\t<\/a>\n\t\t<\/div>\n\t\t\t\t<\/div>\n\t\t\t\t<\/div>\n\t\t\t\t\t\t<\/div>\n\t\t\t\t\t<\/div>\n\t\t<\/div>\n\t\t\t\t\t\t\t\t<\/div>\n\t\t\t\t\t<\/div>\n\t\t<\/section>\n\t\t\t\t\t\t<\/div>\n\t\t\t\t\t\t<\/div>\n\t\t\t\t\t<\/div>","protected":false},"excerpt":{"rendered":"<p>Pogosta vpra\u0161anja in odgovori Tu smo za vas! Pripravili smo najpogostej\u0161a vpra\u0161anja in odgovore ter nasvete na temo nastopa na sejmih, sejemske opreme in sejemske postavitve, ki se porajajo na\u0161im strankam. Na\u0161a ekipa izku\u0161enih strokovnjakov za sejme je vedno na voljo za podporo, pomo\u010d ali vpra\u0161anja. Zahteve in standardi sejmi\u0161\u010da Po prejemu tlorisa razstavnega prostora [&hellip;]<\/p>\n","protected":false},"author":1,"featured_media":3017,"parent":0,"menu_order":0,"comment_status":"closed","ping_status":"closed","template":"page-templates\/fullwidth-content.php","meta":{"_monsterinsights_skip_tracking":false,"_monsterinsights_sitenote_active":false,"_monsterinsights_sitenote_note":"","_monsterinsights_sitenote_category":0},"yoast_head":"<!-- This site is optimized with the Yoast SEO plugin v15.5 - https:\/\/yoast.com\/wordpress\/plugins\/seo\/ -->\n<title>Pogosta vpra\u0161anja in odgovori &raquo; EMS Sejmi &raquo; Kaj morate vedeti<\/title>\n<meta name=\"description\" content=\"Izbor najpogostej\u0161ih vpra\u0161anj o sejemskem nastopu na\u0161ih strank. Preglej vsebino, ki so jo pripravili eksperti z ve\u010d kot 30-letnimi izku\u0161njami.\" \/>\n<meta name=\"robots\" content=\"index, follow, max-snippet:-1, max-image-preview:large, max-video-preview:-1\" \/>\n<link rel=\"canonical\" href=\"https:\/\/www.emsexpo.eu\/en\/pogosta-vprasanja-in-odgovori\/\" \/>\n<meta property=\"og:locale\" content=\"en_GB\" \/>\n<meta property=\"og:type\" content=\"article\" \/>\n<meta property=\"og:title\" content=\"Pogosta vpra\u0161anja in odgovori &raquo; EMS Sejmi &raquo; Kaj morate vedeti\" \/>\n<meta property=\"og:description\" content=\"Izbor najpogostej\u0161ih vpra\u0161anj o sejemskem nastopu na\u0161ih strank. Preglej vsebino, ki so jo pripravili eksperti z ve\u010d kot 30-letnimi izku\u0161njami.\" \/>\n<meta property=\"og:url\" content=\"https:\/\/www.emsexpo.eu\/en\/pogosta-vprasanja-in-odgovori\/\" \/>\n<meta property=\"og:site_name\" content=\"EMS Sejmi\" \/>\n<meta property=\"article:modified_time\" content=\"2020-10-28T19:06:19+00:00\" \/>\n<meta property=\"og:image\" content=\"https:\/\/www.emsexpo.eu\/wp-content\/uploads\/2020\/09\/Prijava-na-sejem.png\" \/>\n\t<meta property=\"og:image:width\" content=\"370\" \/>\n\t<meta property=\"og:image:height\" content=\"247\" \/>\n<meta name=\"twitter:card\" content=\"summary_large_image\" \/>\n<meta name=\"twitter:label1\" content=\"Estimated reading time\">\n\t<meta name=\"twitter:data1\" content=\"1 minute\">\n<script type=\"application\/ld+json\" class=\"yoast-schema-graph\">{\"@context\":\"https:\/\/schema.org\",\"@graph\":[{\"@type\":\"Organization\",\"@id\":\"https:\/\/www.emsexpo.eu\/#organization\",\"name\":\"EMS Sejmi d.o.o. - sejemski in\\u017eeniring, sejemske postavitve in projektiranje\",\"url\":\"https:\/\/www.emsexpo.eu\/\",\"sameAs\":[\"https:\/\/www.linkedin.com\/company\/ems-sejmi-d-o-o\/\"],\"logo\":{\"@type\":\"ImageObject\",\"@id\":\"https:\/\/www.emsexpo.eu\/#logo\",\"inLanguage\":\"en-GB\",\"url\":\"https:\/\/www.emsexpo.eu\/wp-content\/uploads\/2019\/08\/LOGO-EMS-moder2.png\",\"width\":1916,\"height\":639,\"caption\":\"EMS Sejmi d.o.o. - sejemski in\\u017eeniring, sejemske postavitve in projektiranje\"},\"image\":{\"@id\":\"https:\/\/www.emsexpo.eu\/#logo\"}},{\"@type\":\"WebSite\",\"@id\":\"https:\/\/www.emsexpo.eu\/#website\",\"url\":\"https:\/\/www.emsexpo.eu\/\",\"name\":\"EMS Sejmi d.o.o.\",\"description\":\"Projektiranje in sejemski in\\u017eeniring\",\"publisher\":{\"@id\":\"https:\/\/www.emsexpo.eu\/#organization\"},\"potentialAction\":[{\"@type\":\"SearchAction\",\"target\":\"https:\/\/www.emsexpo.eu\/?s={search_term_string}\",\"query-input\":\"required name=search_term_string\"}],\"inLanguage\":\"en-GB\"},{\"@type\":\"ImageObject\",\"@id\":\"https:\/\/www.emsexpo.eu\/pogosta-vprasanja-in-odgovori\/#primaryimage\",\"inLanguage\":\"en-GB\",\"url\":\"https:\/\/www.emsexpo.eu\/wp-content\/uploads\/2020\/09\/Prijava-na-sejem.png\",\"width\":370,\"height\":247,\"caption\":\"Sejemski nastop\"},{\"@type\":\"WebPage\",\"@id\":\"https:\/\/www.emsexpo.eu\/pogosta-vprasanja-in-odgovori\/#webpage\",\"url\":\"https:\/\/www.emsexpo.eu\/pogosta-vprasanja-in-odgovori\/\",\"name\":\"Pogosta vpra\\u0161anja in odgovori &raquo; EMS Sejmi &raquo; Kaj morate vedeti\",\"isPartOf\":{\"@id\":\"https:\/\/www.emsexpo.eu\/#website\"},\"primaryImageOfPage\":{\"@id\":\"https:\/\/www.emsexpo.eu\/pogosta-vprasanja-in-odgovori\/#primaryimage\"},\"datePublished\":\"2020-09-01T14:19:32+00:00\",\"dateModified\":\"2020-10-28T19:06:19+00:00\",\"description\":\"Izbor najpogostej\\u0161ih vpra\\u0161anj o sejemskem nastopu na\\u0161ih strank. Preglej vsebino, ki so jo pripravili eksperti z ve\\u010d kot 30-letnimi izku\\u0161njami.\",\"inLanguage\":\"en-GB\",\"potentialAction\":[{\"@type\":\"ReadAction\",\"target\":[\"https:\/\/www.emsexpo.eu\/pogosta-vprasanja-in-odgovori\/\"]}]}]}<\/script>\n<!-- \/ Yoast SEO plugin. -->","_links":{"self":[{"href":"https:\/\/www.emsexpo.eu\/en\/wp-json\/wp\/v2\/pages\/2958"}],"collection":[{"href":"https:\/\/www.emsexpo.eu\/en\/wp-json\/wp\/v2\/pages"}],"about":[{"href":"https:\/\/www.emsexpo.eu\/en\/wp-json\/wp\/v2\/types\/page"}],"author":[{"embeddable":true,"href":"https:\/\/www.emsexpo.eu\/en\/wp-json\/wp\/v2\/users\/1"}],"replies":[{"embeddable":true,"href":"https:\/\/www.emsexpo.eu\/en\/wp-json\/wp\/v2\/comments?post=2958"}],"version-history":[{"count":8,"href":"https:\/\/www.emsexpo.eu\/en\/wp-json\/wp\/v2\/pages\/2958\/revisions"}],"predecessor-version":[{"id":3737,"href":"https:\/\/www.emsexpo.eu\/en\/wp-json\/wp\/v2\/pages\/2958\/revisions\/3737"}],"wp:featuredmedia":[{"embeddable":true,"href":"https:\/\/www.emsexpo.eu\/en\/wp-json\/wp\/v2\/media\/3017"}],"wp:attachment":[{"href":"https:\/\/www.emsexpo.eu\/en\/wp-json\/wp\/v2\/media?parent=2958"}],"curies":[{"name":"wp","href":"https:\/\/api.w.org\/{rel}","templated":true}]}}